{"id":6541,"date":"2024-05-22T13:42:46","date_gmt":"2024-05-22T13:42:46","guid":{"rendered":"https:\/\/formet.ee\/?page_id=6541"},"modified":"2024-05-22T13:42:46","modified_gmt":"2024-05-22T13:42:46","slug":"oops","status":"publish","type":"page","link":"https:\/\/formet.ee\/en\/oops\/","title":{"rendered":"Page not found"},"content":{"rendered":"\t\t<div data-elementor-type=\"wp-page\" data-elementor-id=\"6541\" class=\"elementor elementor-6541 elementor-6540\" data-elementor-post-type=\"page\">\n\t\t\t\t\t\t<section data-dce-background-color=\"#343434\" data-dce-background-overlay-color=\"#000000\" data-dce-background-image-url=\"https:\/\/formet.ee\/wp-content\/uploads\/2020\/11\/DJI_0531-2048x1364.jpg\" class=\"elementor-section elementor-top-section elementor-element elementor-element-e8f1925 elementor-section-boxed elementor-section-height-default elementor-section-height-default\" data-id=\"e8f1925\" data-element_type=\"section\" data-settings=\"{&quot;background_background&quot;:&quot;classic&quot;,&quot;background_motion_fx_motion_fx_scrolling&quot;:&quot;yes&quot;,&quot;background_motion_fx_devices&quot;:[&quot;desktop&quot;,&quot;tablet&quot;,&quot;mobile&quot;]}\">\n\t\t\t\t\t\t\t<div class=\"elementor-background-overlay\"><\/div>\n\t\t\t\t\t\t\t<div class=\"elementor-container elementor-column-gap-no\">\n\t\t\t\t\t<div class=\"elementor-column elementor-col-100 elementor-top-column elementor-element elementor-element-b8bd93b\" data-id=\"b8bd93b\" data-element_type=\"column\">\n\t\t\t<div class=\"elementor-widget-wrap elementor-element-populated\">\n\t\t\t\t\t\t<div class=\"elementor-element elementor-element-0b7bbad elementor-widget elementor-widget-heading\" data-id=\"0b7bbad\" data-element_type=\"widget\" data-widget_type=\"heading.default\">\n\t\t\t\t<div class=\"elementor-widget-container\">\n\t\t\t\t\t<h1 class=\"elementor-heading-title elementor-size-default\">Stay in Touch<\/h1>\t\t\t\t<\/div>\n\t\t\t\t<\/div>\n\t\t\t\t\t<\/div>\n\t\t<\/div>\n\t\t\t\t\t<\/div>\n\t\t<\/section>\n\t\t\t\t<section class=\"elementor-section elementor-top-section elementor-element elementor-element-3d79aa8 elementor-section-height-min-height elementor-section-items-top elementor-section-content-top elementor-section-boxed elementor-section-height-default\" data-id=\"3d79aa8\" data-element_type=\"section\">\n\t\t\t\t\t\t<div class=\"elementor-container elementor-column-gap-no\">\n\t\t\t\t\t<div class=\"elementor-column elementor-col-25 elementor-top-column elementor-element elementor-element-2515777\" data-id=\"2515777\" data-element_type=\"column\">\n\t\t\t<div class=\"elementor-widget-wrap elementor-element-populated\">\n\t\t\t\t\t\t<div class=\"elementor-element elementor-element-e654d23 elementor-widget elementor-widget-text-editor\" data-id=\"e654d23\" data-element_type=\"widget\" data-widget_type=\"text-editor.default\">\n\t\t\t\t<div class=\"elementor-widget-container\">\n\t\t\t\t\t\t\t\t\t<p style=\"text-align: left;\">Formet Lagedi<\/p>\n\t\t\t\t\t\t\t\t<\/div>\n\t\t\t\t<\/div>\n\t\t\t\t<div class=\"elementor-element elementor-element-5ebde7e elementor-widget elementor-widget-text-editor\" data-id=\"5ebde7e\" data-element_type=\"widget\" data-widget_type=\"text-editor.default\">\n\t\t\t\t<div class=\"elementor-widget-container\">\n\t\t\t\t\t\t\t\t\t<p>Kiilustiku 8G, Lagedi<br \/>\nHarjumaa, Eesti<\/p>\n<p><a href=\"https:\/\/www.google.com\/maps\/place\/Killustiku+8g,+Lagedi,+75303+Harju+maakond\/@59.4038295,24.9190341,17z\/data=!3m1!4b1!4m5!3m4!1s0x4692ec0973cf9c6d:0xf72ec5aab43f6a9e!8m2!3d59.4038295!4d24.9212228\" target=\"_blank\" rel=\"noopener\">View On Map<\/a><\/p>\n\t\t\t\t\t\t\t\t<\/div>\n\t\t\t\t<\/div>\n\t\t\t\t\t<\/div>\n\t\t<\/div>\n\t\t\t\t<div class=\"elementor-column elementor-col-25 elementor-top-column elementor-element elementor-element-2af2342\" data-id=\"2af2342\" data-element_type=\"column\">\n\t\t\t<div class=\"elementor-widget-wrap elementor-element-populated\">\n\t\t\t\t\t\t<div class=\"elementor-element elementor-element-db978b3 elementor-widget elementor-widget-text-editor\" data-id=\"db978b3\" data-element_type=\"widget\" data-widget_type=\"text-editor.default\">\n\t\t\t\t<div class=\"elementor-widget-container\">\n\t\t\t\t\t\t\t\t\t<p style=\"text-align: left;\">Formet Kivi\u00f5li<\/p>\n\t\t\t\t\t\t\t\t<\/div>\n\t\t\t\t<\/div>\n\t\t\t\t<div class=\"elementor-element elementor-element-6c0c123 elementor-widget elementor-widget-text-editor\" data-id=\"6c0c123\" data-element_type=\"widget\" data-widget_type=\"text-editor.default\">\n\t\t\t\t<div class=\"elementor-widget-container\">\n\t\t\t\t\t\t\t\t\t<p>M\u00e4ealuse 5, Kivi\u00f5li<br \/>\nIda-Virumaa, Eesti<\/p>\n<p><a href=\"https:\/\/www.google.com\/maps\/place\/M\u00e4ealuse+tee+5,+Kivi\u00f5li,+43125+Ida-Viru+maakond\/@59.3633684,26.9388477,17z\/data=!3m1!4b1!4m6!3m5!1s0x469380ad634e9877:0x7bab2d8bff15a762!8m2!3d59.3633684!4d26.941428!16s%2Fg%2F11cpm5cdbc?entry=ttu\" target=\"_blank\" rel=\"noopener\">View On Map<\/a><\/p>\n\t\t\t\t\t\t\t\t<\/div>\n\t\t\t\t<\/div>\n\t\t\t\t\t<\/div>\n\t\t<\/div>\n\t\t\t\t<div class=\"elementor-column elementor-col-25 elementor-top-column elementor-element elementor-element-ae8276d\" data-id=\"ae8276d\" data-element_type=\"column\">\n\t\t\t<div class=\"elementor-widget-wrap elementor-element-populated\">\n\t\t\t\t\t\t<div class=\"elementor-element elementor-element-ea2b18b elementor-widget elementor-widget-text-editor\" data-id=\"ea2b18b\" data-element_type=\"widget\" data-widget_type=\"text-editor.default\">\n\t\t\t\t<div class=\"elementor-widget-container\">\n\t\t\t\t\t\t\t\t\t<p style=\"text-align: left;\">Contact<\/p>\n\t\t\t\t\t\t\t\t<\/div>\n\t\t\t\t<\/div>\n\t\t\t\t<div class=\"elementor-element elementor-element-59d8648 elementor-widget elementor-widget-text-editor\" data-id=\"59d8648\" data-element_type=\"widget\" data-widget_type=\"text-editor.default\">\n\t\t\t\t<div class=\"elementor-widget-container\">\n\t\t\t\t\t\t\t\t\t<p><a href=\"tel:+3723377505\">(+372) 337 7505<\/a><br \/>\n<a href=\"tel:+3725233891\">(+372) 523 3891<\/a><br \/>\n<a href=\"mailto:formet@formet.ee\">formet@formet.ee<\/a><\/p>\n\t\t\t\t\t\t\t\t<\/div>\n\t\t\t\t<\/div>\n\t\t\t\t\t<\/div>\n\t\t<\/div>\n\t\t\t\t<div class=\"elementor-column elementor-col-25 elementor-top-column elementor-element elementor-element-7f45e12\" data-id=\"7f45e12\" data-element_type=\"column\">\n\t\t\t<div class=\"elementor-widget-wrap elementor-element-populated\">\n\t\t\t\t\t\t<div class=\"elementor-element elementor-element-eaf9dec elementor-widget elementor-widget-text-editor\" data-id=\"eaf9dec\" data-element_type=\"widget\" data-widget_type=\"text-editor.default\">\n\t\t\t\t<div class=\"elementor-widget-container\">\n\t\t\t\t\t\t\t\t\t<p style=\"text-align: left;\">Company<\/p>\n\t\t\t\t\t\t\t\t<\/div>\n\t\t\t\t<\/div>\n\t\t\t\t<div class=\"elementor-element elementor-element-47b1502 elementor-widget elementor-widget-text-editor\" data-id=\"47b1502\" data-element_type=\"widget\" data-widget_type=\"text-editor.default\">\n\t\t\t\t<div class=\"elementor-widget-container\">\n\t\t\t\t\t\t\t\t\t<p>Formet Grupp O\u00dc<br \/>\nReg. nr. 10580719<\/p>\n\t\t\t\t\t\t\t\t<\/div>\n\t\t\t\t<\/div>\n\t\t\t\t\t<\/div>\n\t\t<\/div>\n\t\t\t\t\t<\/div>\n\t\t<\/section>\n\t\t\t\t<section class=\"elementor-section elementor-top-section elementor-element elementor-element-8be19aa elementor-section-boxed elementor-section-height-default elementor-section-height-default\" data-id=\"8be19aa\" data-element_type=\"section\">\n\t\t\t\t\t\t<div class=\"elementor-container elementor-column-gap-no\">\n\t\t\t\t\t<div class=\"elementor-column elementor-col-100 elementor-top-column elementor-element elementor-element-7a2fc3d\" data-id=\"7a2fc3d\" data-element_type=\"column\">\n\t\t\t<div class=\"elementor-widget-wrap elementor-element-populated\">\n\t\t\t\t\t\t<div class=\"elementor-element elementor-element-c6c7d07 elementor-widget elementor-widget-dyncontel-acf-google-maps\" data-id=\"c6c7d07\" data-element_type=\"widget\" data-settings=\"{&quot;map_data_type&quot;:&quot;acfmap&quot;,&quot;style_select&quot;:&quot;prestyle&quot;,&quot;snazzy_select&quot;:&quot;extra_light&quot;,&quot;acf_mapfield&quot;:&quot;google&quot;,&quot;use_query&quot;:&quot;yes&quot;,&quot;marker_width&quot;:40,&quot;marker_height&quot;:40,&quot;geolocation&quot;:&quot;no&quot;,&quot;new_api&quot;:&quot;yes&quot;,&quot;map_type&quot;:&quot;roadmap&quot;,&quot;dce_url&quot;:&quot;https:\\\/\\\/formet.ee\\\/wp-content\\\/plugins\\\/dynamic-content-for-elementor\\\/&quot;,&quot;zoomcontrol&quot;:&quot;yes&quot;,&quot;fullscreenControl&quot;:&quot;yes&quot;,&quot;infoWindow_panel_maxwidth&quot;:{&quot;unit&quot;:&quot;px&quot;,&quot;size&quot;:&quot;&quot;,&quot;sizes&quot;:[]},&quot;infoWindow_panel_maxwidth_tablet&quot;:{&quot;unit&quot;:&quot;px&quot;,&quot;size&quot;:&quot;&quot;,&quot;sizes&quot;:[]},&quot;infoWindow_panel_maxwidth_mobile&quot;:{&quot;unit&quot;:&quot;px&quot;,&quot;size&quot;:&quot;&quot;,&quot;sizes&quot;:[]}}\" data-widget_type=\"dyncontel-acf-google-maps.default\">\n\t\t\t\t<div class=\"elementor-widget-container\">\n\t\t\t\t\t<div data-zoom=\"7\" class=\"map\" style=\"width: 100%;\" data-positions=\"[{&quot;address&quot;:&quot;Ida-Viru maakond, L\\u00fcganuse vald, Kivi\\u00f5li linn, M\\u00e4ealuse tee 5, 43125&quot;,&quot;lat&quot;:59.3633684,&quot;lng&quot;:26.941428,&quot;custom_marker_image&quot;:&quot;https:\\\/\\\/formet.ee\\\/wp-content\\\/uploads\\\/2024\\\/05\\\/Asset-1-1.svg&quot;,&quot;link&quot;:null},{&quot;address&quot;:&quot;Kiilustiku 8G, Lagedi&quot;,&quot;lat&quot;:59.4038295,&quot;lng&quot;:24.9212229,&quot;custom_marker_image&quot;:&quot;https:\\\/\\\/formet.ee\\\/wp-content\\\/uploads\\\/2024\\\/05\\\/Asset-1-1.svg&quot;,&quot;link&quot;:null}]\"><\/div>\t\t\t\t<\/div>\n\t\t\t\t<\/div>\n\t\t\t\t\t<\/div>\n\t\t<\/div>\n\t\t\t\t\t<\/div>\n\t\t<\/section>\n\t\t\t\t<\/div>\n\t\t","protected":false},"excerpt":{"rendered":"<p>Stay in Touch Formet Lagedi Kiilustiku 8G, Lagedi Harjumaa, Eesti View On Map Formet Kivi\u00f5li M\u00e4ealuse 5, Kivi\u00f5li Ida-Virumaa, Eesti View On Map Contact (+372) 337 7505 (+372) 523 3891 formet@formet.ee Company Formet Grupp O\u00dc Reg. nr. 10580719<\/p>\n","protected":false},"author":2,"featured_media":0,"parent":0,"menu_order":18,"comment_status":"closed","ping_status":"closed","template":"","meta":{"_acf_changed":false,"footnotes":""},"class_list":["post-6541","page","type-page","status-publish","hentry"],"acf":[],"yoast_head":"<!-- This site is optimized with the Yoast SEO Premium plugin v22.7 (Yoast SEO v25.7) - https:\/\/yoast.com\/wordpress\/plugins\/seo\/ -->\n<title>Page not found | FORMET Grupp<\/title>\n<meta name=\"description\" content=\"J\u00e4\u00e4tmet\u00f6\u00f6tluse valdkonna liider Harjumaal ja Ida-Virumaal. T\u00f6\u00f6de teostamiseks on olemas kaasaegne tehnika, seadmestik, vajalikud litsentsid ja tegevusload.\" \/>\n<meta name=\"robots\" content=\"index, follow, max-snippet:-1, max-image-preview:large, max-video-preview:-1\" \/>\n<link rel=\"canonical\" href=\"https:\/\/formet.ee\/en\/oops\/\" \/>\n<meta property=\"og:locale\" content=\"en_US\" \/>\n<meta property=\"og:type\" content=\"article\" \/>\n<meta property=\"og:title\" content=\"Page not found\" \/>\n<meta property=\"og:description\" content=\"J\u00e4\u00e4tmet\u00f6\u00f6tluse valdkonna liider Harjumaal ja Ida-Virumaal. T\u00f6\u00f6de teostamiseks on olemas kaasaegne tehnika, seadmestik, vajalikud litsentsid ja tegevusload.\" \/>\n<meta property=\"og:url\" content=\"https:\/\/formet.ee\/en\/oops\/\" \/>\n<meta property=\"og:site_name\" content=\"FORMET Grupp\" \/>\n<meta property=\"article:publisher\" content=\"https:\/\/www.facebook.com\/formetgrupp\" \/>\n<meta property=\"og:image\" content=\"https:\/\/formet.ee\/wp-content\/uploads\/2024\/05\/og-1.jpg\" \/>\n\t<meta property=\"og:image:width\" content=\"1200\" \/>\n\t<meta property=\"og:image:height\" content=\"630\" \/>\n\t<meta property=\"og:image:type\" content=\"image\/jpeg\" \/>\n<meta name=\"twitter:card\" content=\"summary_large_image\" \/>\n<script type=\"application\/ld+json\" class=\"yoast-schema-graph\">{\"@context\":\"https:\/\/schema.org\",\"@graph\":[{\"@type\":\"WebPage\",\"@id\":\"https:\/\/formet.ee\/en\/oops\/\",\"url\":\"https:\/\/formet.ee\/en\/oops\/\",\"name\":\"Page not found | FORMET Grupp\",\"isPartOf\":{\"@id\":\"https:\/\/formet.ee\/en\/#website\"},\"datePublished\":\"2024-05-22T13:42:46+00:00\",\"description\":\"J\u00e4\u00e4tmet\u00f6\u00f6tluse valdkonna liider Harjumaal ja Ida-Virumaal. T\u00f6\u00f6de teostamiseks on olemas kaasaegne tehnika, seadmestik, vajalikud litsentsid ja tegevusload.\",\"breadcrumb\":{\"@id\":\"https:\/\/formet.ee\/en\/oops\/#breadcrumb\"},\"inLanguage\":\"en-US\",\"potentialAction\":[{\"@type\":\"ReadAction\",\"target\":[\"https:\/\/formet.ee\/en\/oops\/\"]}]},{\"@type\":\"BreadcrumbList\",\"@id\":\"https:\/\/formet.ee\/en\/oops\/#breadcrumb\",\"itemListElement\":[{\"@type\":\"ListItem\",\"position\":1,\"name\":\"Home\",\"item\":\"https:\/\/formet.ee\/en\/\"},{\"@type\":\"ListItem\",\"position\":2,\"name\":\"Page not found\"}]},{\"@type\":\"WebSite\",\"@id\":\"https:\/\/formet.ee\/en\/#website\",\"url\":\"https:\/\/formet.ee\/en\/\",\"name\":\"FORMET Grupp\",\"description\":\"\",\"publisher\":{\"@id\":\"https:\/\/formet.ee\/en\/#organization\"},\"potentialAction\":[{\"@type\":\"SearchAction\",\"target\":{\"@type\":\"EntryPoint\",\"urlTemplate\":\"https:\/\/formet.ee\/en\/?s={search_term_string}\"},\"query-input\":{\"@type\":\"PropertyValueSpecification\",\"valueRequired\":true,\"valueName\":\"search_term_string\"}}],\"inLanguage\":\"en-US\"},{\"@type\":[\"Organization\",\"Place\"],\"@id\":\"https:\/\/formet.ee\/en\/#organization\",\"name\":\"FORMET Grupp\",\"url\":\"https:\/\/formet.ee\/en\/\",\"logo\":{\"@type\":\"ImageObject\",\"inLanguage\":\"en-US\",\"@id\":\"https:\/\/formet.ee\/en\/#\/schema\/logo\/image\/\",\"url\":\"https:\/\/formet.ee\/wp-content\/uploads\/2024\/05\/formetlogo.jpg\",\"contentUrl\":\"https:\/\/formet.ee\/wp-content\/uploads\/2024\/05\/formetlogo.jpg\",\"width\":696,\"height\":696,\"caption\":\"FORMET Grupp\"},\"image\":{\"@id\":\"https:\/\/formet.ee\/en\/#\/schema\/logo\/image\/\"},\"sameAs\":[\"https:\/\/www.facebook.com\/formetgrupp\"],\"description\":\"Ettev\u00f5tte Formet Group tegevusalaks on alates 1999. aastast j\u00e4\u00e4tmete kogumine, \u00fcmbert\u00f6\u00f6tlemine ja utiliseerimine. Oleme \u00fcks j\u00e4\u00e4tmet\u00f6\u00f6tluse valdkonna liidreid Harjumaal ja Ida-Virumaal. T\u00f6\u00f6de teostamiseks on meil olemas kaasaegne tehnika ja seadmestik, samuti k\u00f5ik vajalikud litsentsid ja tegevusload.\",\"legalName\":\"FORMET Grupp O\u00dc\",\"numberOfEmployees\":{\"@type\":\"QuantitativeValue\",\"minValue\":\"11\",\"maxValue\":\"50\"},\"mainEntityOfPage\":{\"@id\":\"https:\/\/formet.ee\/en\/oops\/\"}}]}<\/script>\n<!-- \/ Yoast SEO Premium plugin. -->","yoast_head_json":{"title":"Page not found | FORMET Grupp","description":"J\u00e4\u00e4tmet\u00f6\u00f6tluse valdkonna liider Harjumaal ja Ida-Virumaal. T\u00f6\u00f6de teostamiseks on olemas kaasaegne tehnika, seadmestik, vajalikud litsentsid ja tegevusload.","robots":{"index":"index","follow":"follow","max-snippet":"max-snippet:-1","max-image-preview":"max-image-preview:large","max-video-preview":"max-video-preview:-1"},"canonical":"https:\/\/formet.ee\/en\/oops\/","og_locale":"en_US","og_type":"article","og_title":"Page not found","og_description":"J\u00e4\u00e4tmet\u00f6\u00f6tluse valdkonna liider Harjumaal ja Ida-Virumaal. T\u00f6\u00f6de teostamiseks on olemas kaasaegne tehnika, seadmestik, vajalikud litsentsid ja tegevusload.","og_url":"https:\/\/formet.ee\/en\/oops\/","og_site_name":"FORMET Grupp","article_publisher":"https:\/\/www.facebook.com\/formetgrupp","og_image":[{"width":1200,"height":630,"url":"https:\/\/formet.ee\/wp-content\/uploads\/2024\/05\/og-1.jpg","type":"image\/jpeg"}],"twitter_card":"summary_large_image","schema":{"@context":"https:\/\/schema.org","@graph":[{"@type":"WebPage","@id":"https:\/\/formet.ee\/en\/oops\/","url":"https:\/\/formet.ee\/en\/oops\/","name":"Page not found | FORMET Grupp","isPartOf":{"@id":"https:\/\/formet.ee\/en\/#website"},"datePublished":"2024-05-22T13:42:46+00:00","description":"J\u00e4\u00e4tmet\u00f6\u00f6tluse valdkonna liider Harjumaal ja Ida-Virumaal. T\u00f6\u00f6de teostamiseks on olemas kaasaegne tehnika, seadmestik, vajalikud litsentsid ja tegevusload.","breadcrumb":{"@id":"https:\/\/formet.ee\/en\/oops\/#breadcrumb"},"inLanguage":"en-US","potentialAction":[{"@type":"ReadAction","target":["https:\/\/formet.ee\/en\/oops\/"]}]},{"@type":"BreadcrumbList","@id":"https:\/\/formet.ee\/en\/oops\/#breadcrumb","itemListElement":[{"@type":"ListItem","position":1,"name":"Home","item":"https:\/\/formet.ee\/en\/"},{"@type":"ListItem","position":2,"name":"Page not found"}]},{"@type":"WebSite","@id":"https:\/\/formet.ee\/en\/#website","url":"https:\/\/formet.ee\/en\/","name":"FORMET Grupp","description":"","publisher":{"@id":"https:\/\/formet.ee\/en\/#organization"},"potentialAction":[{"@type":"SearchAction","target":{"@type":"EntryPoint","urlTemplate":"https:\/\/formet.ee\/en\/?s={search_term_string}"},"query-input":{"@type":"PropertyValueSpecification","valueRequired":true,"valueName":"search_term_string"}}],"inLanguage":"en-US"},{"@type":["Organization","Place"],"@id":"https:\/\/formet.ee\/en\/#organization","name":"FORMET Grupp","url":"https:\/\/formet.ee\/en\/","logo":{"@type":"ImageObject","inLanguage":"en-US","@id":"https:\/\/formet.ee\/en\/#\/schema\/logo\/image\/","url":"https:\/\/formet.ee\/wp-content\/uploads\/2024\/05\/formetlogo.jpg","contentUrl":"https:\/\/formet.ee\/wp-content\/uploads\/2024\/05\/formetlogo.jpg","width":696,"height":696,"caption":"FORMET Grupp"},"image":{"@id":"https:\/\/formet.ee\/en\/#\/schema\/logo\/image\/"},"sameAs":["https:\/\/www.facebook.com\/formetgrupp"],"description":"Ettev\u00f5tte Formet Group tegevusalaks on alates 1999. aastast j\u00e4\u00e4tmete kogumine, \u00fcmbert\u00f6\u00f6tlemine ja utiliseerimine. Oleme \u00fcks j\u00e4\u00e4tmet\u00f6\u00f6tluse valdkonna liidreid Harjumaal ja Ida-Virumaal. T\u00f6\u00f6de teostamiseks on meil olemas kaasaegne tehnika ja seadmestik, samuti k\u00f5ik vajalikud litsentsid ja tegevusload.","legalName":"FORMET Grupp O\u00dc","numberOfEmployees":{"@type":"QuantitativeValue","minValue":"11","maxValue":"50"},"mainEntityOfPage":{"@id":"https:\/\/formet.ee\/en\/oops\/"}}]}},"_links":{"self":[{"href":"https:\/\/formet.ee\/en\/wp-json\/wp\/v2\/pages\/6541","targetHints":{"allow":["GET"]}}],"collection":[{"href":"https:\/\/formet.ee\/en\/wp-json\/wp\/v2\/pages"}],"about":[{"href":"https:\/\/formet.ee\/en\/wp-json\/wp\/v2\/types\/page"}],"author":[{"embeddable":true,"href":"https:\/\/formet.ee\/en\/wp-json\/wp\/v2\/users\/2"}],"replies":[{"embeddable":true,"href":"https:\/\/formet.ee\/en\/wp-json\/wp\/v2\/comments?post=6541"}],"version-history":[{"count":0,"href":"https:\/\/formet.ee\/en\/wp-json\/wp\/v2\/pages\/6541\/revisions"}],"wp:attachment":[{"href":"https:\/\/formet.ee\/en\/wp-json\/wp\/v2\/media?parent=6541"}],"curies":[{"name":"wp","href":"https:\/\/api.w.org\/{rel}","templated":true}]}}